{"id":11,"date":"2025-09-14T11:03:34","date_gmt":"2025-09-14T11:03:34","guid":{"rendered":"http:\/\/www.caravita-avocat.fr\/?page_id=11"},"modified":"2026-02-14T11:22:18","modified_gmt":"2026-02-14T11:22:18","slug":"a-propos","status":"publish","type":"page","link":"https:\/\/www.caravita-avocat.fr\/index.php\/a-propos\/","title":{"rendered":"Le Cabinet"},"content":{"rendered":"\n<div class=\"wp-block-cover alignfull is-light\" style=\"margin-top:0;margin-bottom:0;padding-top:0px;padding-bottom:80px;min-height:300px;aspect-ratio:unset;\"><img loading=\"lazy\" decoding=\"async\" width=\"1024\" height=\"683\" class=\"wp-block-cover__image-background wp-image-153 size-large\" alt=\"\" src=\"https:\/\/www.caravita-avocat.fr\/wp-content\/uploads\/2025\/11\/yume-photography-PbN_Gl_ZoMk-unsplash-1024x683.jpg\" data-object-fit=\"cover\" srcset=\"https:\/\/www.caravita-avocat.fr\/wp-content\/uploads\/2025\/11\/yume-photography-PbN_Gl_ZoMk-unsplash-1024x683.jpg 1024w, https:\/\/www.caravita-avocat.fr\/wp-content\/uploads\/2025\/11\/yume-photography-PbN_Gl_ZoMk-unsplash-300x200.jpg 300w, https:\/\/www.caravita-avocat.fr\/wp-content\/uploads\/2025\/11\/yume-photography-PbN_Gl_ZoMk-unsplash-768x512.jpg 768w, https:\/\/www.caravita-avocat.fr\/wp-content\/uploads\/2025\/11\/yume-photography-PbN_Gl_ZoMk-unsplash-1536x1024.jpg 1536w, https:\/\/www.caravita-avocat.fr\/wp-content\/uploads\/2025\/11\/yume-photography-PbN_Gl_ZoMk-unsplash-2048x1365.jpg 2048w\" sizes=\"auto, (max-width: 1024px) 100vw, 1024px\" \/><span aria-hidden=\"true\" class=\"wp-block-cover__background has-white-background-color has-background-dim-30 has-background-dim\"><\/span><div class=\"wp-block-cover__inner-container has-global-padding is-layout-constrained wp-container-core-cover-is-layout-8c6a565b wp-block-cover-is-layout-constrained\">\n<div style=\"height:209px\" aria-hidden=\"true\" class=\"wp-block-spacer\"><\/div>\n\n\n\n<h1 class=\"wp-block-heading has-text-align-center has-text-color has-link-color has-suranna-font-family wp-elements-1c7aaf297b97f58e3af7a0a6908b13e5\" style=\"color:#000000;font-size:clamp(38.682px, 2.418rem + ((1vw - 3.2px) * 3.786), 72px);font-style:normal;font-weight:500\">Marine CARAVITA <em>Avocate \u00e0 la Cour<\/em><\/h1>\n<\/div><\/div>\n\n\n\n<section class=\"wp-block-group alignfull has-global-padding is-layout-constrained wp-container-core-group-is-layout-608bbd49 wp-block-group-is-layout-constrained\" style=\"margin-top:0px;padding-top:6rem;padding-right:1rem;padding-bottom:5rem;padding-left:1rem;font-size:clamp(0.875rem, 0.875rem + ((1vw - 0.2rem) * 0.464), 1.13rem);font-style:normal;font-weight:400;line-height:1.4\">\n<div class=\"wp-block-columns is-layout-flex wp-container-core-columns-is-layout-03ad6a19 wp-block-columns-is-layout-flex\" style=\"margin-bottom:0px\">\n<div class=\"wp-block-column is-vertically-aligned-center is-layout-flow wp-block-column-is-layout-flow\" style=\"flex-basis:50%\">\n<figure class=\"wp-block-image size-large is-resized\"><img loading=\"lazy\" decoding=\"async\" width=\"683\" height=\"1024\" src=\"https:\/\/www.caravita-avocat.fr\/wp-content\/uploads\/2025\/11\/STUDIO-TONELLI-PORTRAITS-PRINT-13-683x1024.jpg\" alt=\"\" class=\"wp-image-151\" style=\"aspect-ratio:3\/4;object-fit:cover;width:439px;height:auto\" srcset=\"https:\/\/www.caravita-avocat.fr\/wp-content\/uploads\/2025\/11\/STUDIO-TONELLI-PORTRAITS-PRINT-13-683x1024.jpg 683w, https:\/\/www.caravita-avocat.fr\/wp-content\/uploads\/2025\/11\/STUDIO-TONELLI-PORTRAITS-PRINT-13-200x300.jpg 200w, https:\/\/www.caravita-avocat.fr\/wp-content\/uploads\/2025\/11\/STUDIO-TONELLI-PORTRAITS-PRINT-13-768x1152.jpg 768w, https:\/\/www.caravita-avocat.fr\/wp-content\/uploads\/2025\/11\/STUDIO-TONELLI-PORTRAITS-PRINT-13-1024x1536.jpg 1024w, https:\/\/www.caravita-avocat.fr\/wp-content\/uploads\/2025\/11\/STUDIO-TONELLI-PORTRAITS-PRINT-13-1365x2048.jpg 1365w, https:\/\/www.caravita-avocat.fr\/wp-content\/uploads\/2025\/11\/STUDIO-TONELLI-PORTRAITS-PRINT-13-scaled.jpg 1707w\" sizes=\"auto, (max-width: 683px) 100vw, 683px\" \/><\/figure>\n<\/div>\n\n\n\n<div class=\"wp-block-column is-vertically-aligned-center has-global-padding is-layout-constrained wp-container-core-column-is-layout-c4a7d96a wp-block-column-is-layout-constrained\" style=\"flex-basis:50%\">\n<h3 class=\"wp-block-heading has-text-align-left has-text-color has-suranna-font-family\" style=\"color:#000000;margin-top:0.5rem;margin-bottom:0rem;font-size:clamp(24.034px, 1.502rem + ((1vw - 3.2px) * 1.814), 40px);font-style:normal;font-weight:500;letter-spacing:0px;line-height:1.3\">Qui suis-je ?<\/h3>\n\n\n\n<p class=\"has-text-align-left has-text-color has-pontano-sans-font-family\" style=\"color:#000000;margin-top:20px;margin-bottom:20px;font-size:clamp(14px, 0.875rem + ((1vw - 3.2px) * 0.455), 18px);font-style:normal;font-weight:400;line-height:1.5\">Je suis&nbsp;<strong>Marine CARAVITA<\/strong>, avocate inscrite au barreau de Bordeaux, apr\u00e8s avoir pr\u00eat\u00e9 serment en 2024. Mon parcours acad\u00e9mique et professionnel m&rsquo;a conduite \u00e0 exercer dans le domaine du droit p\u00e9nal et du droit des mineurs, des secteurs qui me passionnent et auxquels je consacre mon engagement.<\/p>\n\n\n\n<p>Dipl\u00f4m\u00e9e de l\u2019Universit\u00e9 de Bordeaux, j\u2019y ai obtenu un&nbsp;<strong>Master Justice, Proc\u00e8s, Proc\u00e9dure<\/strong>&nbsp;ainsi qu\u2019un&nbsp;<strong>certificat de sciences criminelles<\/strong>, renfor\u00e7ant mon int\u00e9r\u00eat pour le droit p\u00e9nal et la proc\u00e9dure.<\/p>\n\n\n\n<p><\/p>\n\n\n\n<p><\/p>\n\n\n\n<p>Avant de rejoindre l\u2019\u00c9cole des Avocats, j\u2019ai travaill\u00e9 comme&nbsp;<strong>\u00e9ducatrice \u00e0 la Protection Judiciaire de la Jeunesse (PJJ)<\/strong>. Cette exp\u00e9rience de terrain m\u2019a permis de d\u00e9velopper une vision concr\u00e8te et profond\u00e9ment humaine du&nbsp;<strong>droit des mineurs<\/strong>, atout essentiel pour accompagner les jeunes et leurs familles dans les situations les plus sensibles.<\/p>\n\n\n\n<p><\/p>\n\n\n\n<div style=\"height:24px\" aria-hidden=\"true\" class=\"wp-block-spacer\"><\/div>\n\n\n\n<p>J\u2019ai ensuite int\u00e9gr\u00e9 l\u2019\u00c9cole des Avocats de Bordeaux apr\u00e8s avoir r\u00e9ussi l&rsquo;examen du CRFPA en 2022. J\u2019y ai effectu\u00e9 plusieurs stages au sein de cabinets d&rsquo;avocats p\u00e9nalistes reconnus, ainsi qu\u2019un stage au&nbsp;<strong>Parquet G\u00e9n\u00e9ral<\/strong>&nbsp;pr\u00e8s la Cour d\u2019appel de Bordeaux, aux c\u00f4t\u00e9s d\u2019un Avocat G\u00e9n\u00e9ral. Cette immersion m\u2019a permis d\u2019acqu\u00e9rir une compr\u00e9hension fine et rigoureuse de la d\u00e9fense p\u00e9nale.<\/p>\n<\/div>\n<\/div>\n<\/section>\n\n\n\n<section class=\"wp-block-cover alignfull is-light\" style=\"margin-top:0px;padding-top:1.01rem;padding-bottom:1.01rem;min-height:430px;aspect-ratio:unset;\"><img loading=\"lazy\" decoding=\"async\" width=\"1024\" height=\"683\" class=\"wp-block-cover__image-background wp-image-102 size-large\" alt=\"\" src=\"http:\/\/www.caravita-avocat.fr\/wp-content\/uploads\/2025\/09\/bibliotheque-2-1024x683.jpg\" data-object-fit=\"cover\" srcset=\"https:\/\/www.caravita-avocat.fr\/wp-content\/uploads\/2025\/09\/bibliotheque-2-1024x683.jpg 1024w, https:\/\/www.caravita-avocat.fr\/wp-content\/uploads\/2025\/09\/bibliotheque-2-300x200.jpg 300w, https:\/\/www.caravita-avocat.fr\/wp-content\/uploads\/2025\/09\/bibliotheque-2-768x512.jpg 768w, https:\/\/www.caravita-avocat.fr\/wp-content\/uploads\/2025\/09\/bibliotheque-2-1536x1024.jpg 1536w, https:\/\/www.caravita-avocat.fr\/wp-content\/uploads\/2025\/09\/bibliotheque-2.jpg 1920w\" sizes=\"auto, (max-width: 1024px) 100vw, 1024px\" \/><span aria-hidden=\"true\" class=\"wp-block-cover__background has-white-background-color has-background-dim-30 has-background-dim\"><\/span><div class=\"wp-block-cover__inner-container has-global-padding is-layout-constrained wp-container-core-cover-is-layout-b1bebcb3 wp-block-cover-is-layout-constrained\">\n<div class=\"wp-block-group has-text-color is-layout-flow wp-block-group-is-layout-flow\" style=\"color:#fffffd;margin-top:0px;padding-top:0rem;padding-right:1rem;padding-bottom:0rem;padding-left:1rem;font-size:clamp(0.875rem, 0.875rem + ((1vw - 0.2rem) * 0.464), 1.13rem);font-style:normal;font-weight:400;line-height:1.4\">\n<div class=\"wp-block-group has-global-padding is-layout-constrained wp-container-core-group-is-layout-bdbfdc43 wp-block-group-is-layout-constrained\">\n<p class=\"has-text-align-center has-text-color\" style=\"color:#070705;margin-top:0;margin-right:0;margin-bottom:0rem;margin-left:0;font-size:clamp(1.146rem, 1.146rem + ((1vw - 0.2rem) * 1.189), 1.8rem);font-style:normal;font-weight:300;line-height:1.1\">Mon objectif est de d\u00e9fendre mes clients avec&nbsp;<strong>int\u00e9grit\u00e9<\/strong>,&nbsp;<strong>rigueur, humanit\u00e9<\/strong>&nbsp;et un&nbsp;<strong>souci constant de justice<\/strong>.<\/p>\n<\/div>\n\n\n\n<div class=\"wp-block-group is-vertical is-content-justification-stretch is-layout-flex wp-container-core-group-is-layout-bfdebe91 wp-block-group-is-layout-flex\" style=\"margin-top:1.81rem;padding-right:0px;padding-left:0px\">\n<div class=\"wp-block-group has-global-padding is-content-justification-center is-layout-constrained wp-container-core-group-is-layout-2f0bcb29 wp-block-group-is-layout-constrained\" style=\"margin-top:0px\">\n<div class=\"wp-block-buttons is-horizontal is-content-justification-right is-layout-flex wp-container-core-buttons-is-layout-099266fd wp-block-buttons-is-layout-flex\" style=\"margin-top:0.51rem\">\n<div class=\"wp-block-button has-custom-width wp-block-button__width-100 is-style-fill\"><a class=\"wp-block-button__link has-text-color has-background has-custom-font-size wp-element-button\" href=\"http:\/\/www.caravita-avocat.fr\/index.php\/contact\/\" style=\"border-style:none;border-width:0px;border-radius:0rem;color:#fffffd;background-color:#e27013;padding-top:0.71rem;padding-right:0.31rem;padding-bottom:0.71rem;padding-left:0.31rem;font-size:clamp(0.875rem, 0.875rem + ((1vw - 0.2rem) * 0.245), 1.01rem);font-style:normal;font-weight:600;line-height:1.5;text-transform:uppercase\">me contacter<\/a><\/div>\n<\/div>\n<\/div>\n<\/div>\n<\/div>\n<\/div><\/section>\n","protected":false},"excerpt":{"rendered":"<p>Qui suis-je ? Je suis&nbsp;Marine CARAVITA, avocate inscrite au barreau de Bordeaux, apr\u00e8s avoir pr\u00eat\u00e9 serment en 2024. Mon parcours acad\u00e9mique et professionnel m&rsquo;a conduite \u00e0 exercer dans le domaine du droit p\u00e9nal et du droit des mineurs, des secteurs qui me passionnent et auxquels je consacre mon engagement. Dipl\u00f4m\u00e9e de l\u2019Universit\u00e9 de Bordeaux, j\u2019y [&hellip;]<\/p>\n","protected":false},"author":1,"featured_media":0,"parent":0,"menu_order":0,"comment_status":"closed","ping_status":"closed","template":"","meta":{"footnotes":""},"class_list":["post-11","page","type-page","status-publish","hentry"],"_links":{"self":[{"href":"https:\/\/www.caravita-avocat.fr\/index.php\/wp-json\/wp\/v2\/pages\/11","targetHints":{"allow":["GET"]}}],"collection":[{"href":"https:\/\/www.caravita-avocat.fr\/index.php\/wp-json\/wp\/v2\/pages"}],"about":[{"href":"https:\/\/www.caravita-avocat.fr\/index.php\/wp-json\/wp\/v2\/types\/page"}],"author":[{"embeddable":true,"href":"https:\/\/www.caravita-avocat.fr\/index.php\/wp-json\/wp\/v2\/users\/1"}],"replies":[{"embeddable":true,"href":"https:\/\/www.caravita-avocat.fr\/index.php\/wp-json\/wp\/v2\/comments?post=11"}],"version-history":[{"count":20,"href":"https:\/\/www.caravita-avocat.fr\/index.php\/wp-json\/wp\/v2\/pages\/11\/revisions"}],"predecessor-version":[{"id":177,"href":"https:\/\/www.caravita-avocat.fr\/index.php\/wp-json\/wp\/v2\/pages\/11\/revisions\/177"}],"wp:attachment":[{"href":"https:\/\/www.caravita-avocat.fr\/index.php\/wp-json\/wp\/v2\/media?parent=11"}],"curies":[{"name":"wp","href":"https:\/\/api.w.org\/{rel}","templated":true}]}}