{"id":13,"date":"2025-09-14T11:03:44","date_gmt":"2025-09-14T11:03:44","guid":{"rendered":"http:\/\/www.caravita-avocat.fr\/?page_id=13"},"modified":"2025-11-23T10:44:35","modified_gmt":"2025-11-23T10:44:35","slug":"services","status":"publish","type":"page","link":"https:\/\/www.caravita-avocat.fr\/index.php\/services\/","title":{"rendered":"Domaines d&rsquo;intervention"},"content":{"rendered":"\n<div class=\"wp-block-cover alignfull is-light\" style=\"margin-top:0;margin-bottom:0;padding-top:0px;padding-bottom:80px;min-height:300px;aspect-ratio:unset;\"><img loading=\"lazy\" decoding=\"async\" width=\"1024\" height=\"683\" class=\"wp-block-cover__image-background wp-image-113 size-large\" alt=\"\" src=\"http:\/\/www.caravita-avocat.fr\/wp-content\/uploads\/2025\/09\/police-alarme-1-1024x683.jpg\" data-object-fit=\"cover\" srcset=\"https:\/\/www.caravita-avocat.fr\/wp-content\/uploads\/2025\/09\/police-alarme-1-1024x683.jpg 1024w, https:\/\/www.caravita-avocat.fr\/wp-content\/uploads\/2025\/09\/police-alarme-1-300x200.jpg 300w, https:\/\/www.caravita-avocat.fr\/wp-content\/uploads\/2025\/09\/police-alarme-1-768x512.jpg 768w, https:\/\/www.caravita-avocat.fr\/wp-content\/uploads\/2025\/09\/police-alarme-1-1536x1024.jpg 1536w, https:\/\/www.caravita-avocat.fr\/wp-content\/uploads\/2025\/09\/police-alarme-1.jpg 1920w\" sizes=\"auto, (max-width: 1024px) 100vw, 1024px\" \/><span aria-hidden=\"true\" class=\"wp-block-cover__background has-background-dim-60 has-background-dim\" style=\"background-color:#fdfdfd\"><\/span><div class=\"wp-block-cover__inner-container has-global-padding is-layout-constrained wp-container-core-cover-is-layout-d4c6b484 wp-block-cover-is-layout-constrained\">\n<div style=\"margin-top:0;margin-bottom:0;height:237px\" aria-hidden=\"true\" class=\"wp-block-spacer\"><\/div>\n\n\n\n<h1 class=\"wp-block-heading has-text-align-center has-text-color has-link-color has-suranna-font-family wp-elements-b0b0dcd08a6f37af0503958fb8ea6856\" style=\"color:#050000;font-size:clamp(38.682px, 2.418rem + ((1vw - 3.2px) * 3.786), 72px);font-style:normal;font-weight:500\">Le Cabinet vous assiste, que vous soyez auteur ou victime d&rsquo;une infraction<\/h1>\n<\/div><\/div>\n\n\n\n<div class=\"wp-block-group alignfull has-global-padding is-layout-constrained wp-container-core-group-is-layout-4383d167 wp-block-group-is-layout-constrained\">\n<div class=\"wp-block-group alignwide has-global-padding is-layout-constrained wp-container-core-group-is-layout-5ff8a92b wp-block-group-is-layout-constrained\" style=\"margin-top:0;margin-bottom:0;padding-top:100px;padding-bottom:100px\">\n<div class=\"wp-block-columns is-layout-flex wp-container-core-columns-is-layout-92515837 wp-block-columns-is-layout-flex\">\n<div class=\"wp-block-column is-layout-flow wp-block-column-is-layout-flow\">\n<figure class=\"wp-block-image alignleft size-full\"><img loading=\"lazy\" decoding=\"async\" width=\"1920\" height=\"1265\" src=\"http:\/\/www.caravita-avocat.fr\/wp-content\/uploads\/2025\/09\/prison-barreau-1.jpg\" alt=\"\" class=\"wp-image-114\" srcset=\"https:\/\/www.caravita-avocat.fr\/wp-content\/uploads\/2025\/09\/prison-barreau-1.jpg 1920w, https:\/\/www.caravita-avocat.fr\/wp-content\/uploads\/2025\/09\/prison-barreau-1-300x198.jpg 300w, https:\/\/www.caravita-avocat.fr\/wp-content\/uploads\/2025\/09\/prison-barreau-1-1024x675.jpg 1024w, https:\/\/www.caravita-avocat.fr\/wp-content\/uploads\/2025\/09\/prison-barreau-1-768x506.jpg 768w, https:\/\/www.caravita-avocat.fr\/wp-content\/uploads\/2025\/09\/prison-barreau-1-1536x1012.jpg 1536w\" sizes=\"auto, (max-width: 1920px) 100vw, 1920px\" \/><\/figure>\n<\/div>\n\n\n\n<div class=\"wp-block-column is-vertically-aligned-center has-global-padding is-content-justification-left is-layout-constrained wp-container-core-column-is-layout-12dd3699 wp-block-column-is-layout-constrained\">\n<h3 class=\"wp-block-heading has-text-align-left has-text-color has-suranna-font-family\" style=\"color:#000000;margin-top:0.5rem;margin-bottom:0rem;font-size:clamp(24.034px, 1.502rem + ((1vw - 3.2px) * 1.814), 40px);font-style:normal;font-weight:500;letter-spacing:0px;line-height:1.3\">Droit p\u00e9nal<\/h3>\n\n\n\n<hr class=\"wp-block-separator has-alpha-channel-opacity\"\/>\n\n\n\n<p class=\"has-text-color has-link-color has-pontano-sans-font-family wp-elements-880f5b29f07b6e0c27b13d55e1d857cb\" style=\"color:#000000;font-size:clamp(14px, 0.875rem + ((1vw - 3.2px) * 0.455), 18px);\">Ma\u00eetre Marine CARAVITA vous assiste en\u00a0<strong>droit p\u00e9nal g\u00e9n\u00e9ral<\/strong>,\u00a0<strong>droit p\u00e9nal sp\u00e9cial<\/strong>,\u00a0<strong>droit p\u00e9nal routier<\/strong>,\u00a0<strong>droit p\u00e9nal des affaires<\/strong>\u00a0ou encore en\u00a0<strong>droit de la presse<\/strong>.\u00a0<\/p>\n\n\n\n<p>Le Cabinet intervient dans toute la France et \u00e0 chaque \u00e9tape de la proc\u00e9dure p\u00e9nale :<\/p>\n\n\n\n<ul class=\"wp-block-list\">\n<li class=\"has-adamina-font-family\"><strong>Garde \u00e0 vue <\/strong><\/li>\n<\/ul>\n\n\n\n<ul class=\"wp-block-list has-adamina-font-family\">\n<li class=\"has-adamina-font-family\"><strong>Audition libre <\/strong><\/li>\n<\/ul>\n\n\n\n<ul class=\"wp-block-list has-adamina-font-family\">\n<li><strong>D\u00e9ferrement\u00a0<\/strong><\/li>\n<\/ul>\n\n\n\n<ul class=\"wp-block-list has-adamina-font-family\">\n<li><strong>Instruction<\/strong> : d\u00e9bat devant le Juge des libert\u00e9s et de la d\u00e9tention, modification de contr\u00f4le judiciaire, assignation \u00e0 r\u00e9sidence sous surveillance \u00e9lectronique, d\u00e9tention provisoire, interrogatoire, confrontation, demande de mise en libert\u00e9, assistance devant la Chambre de l&rsquo;instruction<\/li>\n<\/ul>\n\n\n\n<ul class=\"wp-block-list has-adamina-font-family\">\n<li><strong>Jugement<\/strong> : ordonnance p\u00e9nale, composition p\u00e9nale, comparution sur reconnaissance pr\u00e9alable de culpabilit\u00e9 (CRPC), audience devant le tribunal de police, tribunal correctionnel, JIRS, Cour d&rsquo;assises \u00a0<\/li>\n<\/ul>\n\n\n\n<ul class=\"wp-block-list has-adamina-font-family\">\n<li class=\"has-adamina-font-family\">Audience en appel devant la <strong>Cour d&rsquo;appel <\/strong><\/li>\n<\/ul>\n\n\n\n<ul class=\"wp-block-list has-adamina-font-family\">\n<li><strong>Ex\u00e9cution et am\u00e9nagement des peines :<\/strong> Requ\u00eate en am\u00e9nagement de peine et d\u00e9bat devant le Juge d&rsquo;application des peines en milieu ouvert et ferm\u00e9, assistance lors de convocation devant le Juge d&rsquo;application des peines, assistance devant la Chambre d&rsquo;application des peines  \u00a0<\/li>\n<\/ul>\n<\/div>\n<\/div>\n<\/div>\n<\/div>\n\n\n\n<div class=\"wp-block-group alignwide has-global-padding is-layout-constrained wp-container-core-group-is-layout-5ff8a92b wp-block-group-is-layout-constrained\" style=\"margin-top:0;margin-bottom:0;padding-top:100px;padding-bottom:100px\">\n<div class=\"wp-block-columns is-layout-flex wp-container-core-columns-is-layout-92515837 wp-block-columns-is-layout-flex\">\n<div class=\"wp-block-column is-vertically-aligned-center has-global-padding is-content-justification-left is-layout-constrained wp-container-core-column-is-layout-12dd3699 wp-block-column-is-layout-constrained\">\n<h3 class=\"wp-block-heading has-text-align-left has-text-color has-suranna-font-family\" style=\"color:#000000;margin-top:0.5rem;margin-bottom:0rem;font-size:clamp(24.034px, 1.502rem + ((1vw - 3.2px) * 1.814), 40px);font-style:normal;font-weight:500;letter-spacing:0px;line-height:1.3\">Droit des mineurs <\/h3>\n\n\n\n<hr class=\"wp-block-separator has-alpha-channel-opacity\"\/>\n\n\n\n<div class=\"wp-block-group is-nowrap is-layout-flex wp-container-core-group-is-layout-6c531013 wp-block-group-is-layout-flex\">\n<p class=\"has-text-color has-link-color has-pontano-sans-font-family wp-elements-1b1225e5d14dcdf6aeabb811072a5736\" style=\"color:#000000;font-size:clamp(14px, 0.875rem + ((1vw - 3.2px) * 0.455), 18px);\">Ma\u00eetre Marine CARAVITA intervient aupr\u00e8s des mineurs avec l\u2019expertise d\u2019une juriste mais aussi d\u2019une ancienne \u00e9ducatrice de la Protection Judiciaire de la Jeunesse.<\/p>\n<\/div>\n\n\n\n<p>Le Cabinet vous assiste lors de proc\u00e9dures suivantes : <\/p>\n\n\n\n<ul class=\"wp-block-list\">\n<li class=\"has-adamina-font-family\">Proc\u00e9dure devant le Juge des enfants<\/li>\n\n\n\n<li class=\"has-adamina-font-family\">Proc\u00e9dure devant le Tribunal pour enfants <\/li>\n\n\n\n<li class=\"has-adamina-font-family\">Proc\u00e9dure en assistance \u00e9ducative (AEMO, placement, danger) <\/li>\n\n\n\n<li class=\"has-adamina-font-family\">Enqu\u00eate et audiences p\u00e9nales concernant les mineurs : garde \u00e0 vue, audition libre, convocation, audience culpabilit\u00e9, audience sanction&#8230;<\/li>\n<\/ul>\n<\/div>\n\n\n\n<div class=\"wp-block-column is-layout-flow wp-block-column-is-layout-flow\">\n<figure class=\"wp-block-image size-full is-resized has-custom-border\" style=\"margin-top:0;margin-right:0;margin-bottom:0;margin-left:0\"><img loading=\"lazy\" decoding=\"async\" width=\"640\" height=\"452\" src=\"http:\/\/www.caravita-avocat.fr\/wp-content\/uploads\/2025\/09\/lyceens-2.jpg\" alt=\"\" class=\"wp-image-115\" style=\"border-style:none;border-width:0px;aspect-ratio:1.3333333333333333;object-fit:cover;width:458px;height:auto\" srcset=\"https:\/\/www.caravita-avocat.fr\/wp-content\/uploads\/2025\/09\/lyceens-2.jpg 640w, https:\/\/www.caravita-avocat.fr\/wp-content\/uploads\/2025\/09\/lyceens-2-300x212.jpg 300w\" sizes=\"auto, (max-width: 640px) 100vw, 640px\" \/><\/figure>\n<\/div>\n<\/div>\n<\/div>\n\n\n\n<h3 class=\"wp-block-heading has-text-align-right has-text-color has-suranna-font-family\" style=\"color:#000000;margin-top:0.5rem;margin-bottom:0rem;font-size:clamp(24.034px, 1.502rem + ((1vw - 3.2px) * 1.814), 40px);font-style:normal;font-weight:500;letter-spacing:0px;line-height:1.3\">Droit de la famille<\/h3>\n\n\n\n<hr class=\"wp-block-separator aligncenter has-alpha-channel-opacity is-style-wide\"\/>\n\n\n\n<p class=\"has-text-align-right has-text-color has-link-color has-pontano-sans-font-family wp-elements-36ad0c590d545c04830b4542eec6f8c2\" style=\"color:#000000;font-size:clamp(14px, 0.875rem + ((1vw - 3.2px) * 0.455), 18px);\">Le Cabinet saura \u00e9galement vous accompagner dans vos proc\u00e9dures de divorce contentieux et amiable, pour solliciter ou conserver la garde de vos enfants, ainsi que les droits de visite, et la pension alimentaire.<\/p>\n\n\n\n<div class=\"wp-block-cover alignfull is-light has-text-color\" style=\"color:#422f01;margin-top:0;margin-bottom:0;padding-top:120px;padding-bottom:140px;min-height:725px;aspect-ratio:unset;\"><span aria-hidden=\"true\" class=\"wp-block-cover__background has-background-dim-100 has-background-dim\" style=\"background-color:#ffdf92\"><\/span><div class=\"wp-block-cover__inner-container has-global-padding is-layout-constrained wp-container-core-cover-is-layout-1e17f1c7 wp-block-cover-is-layout-constrained\">\n<h2 class=\"wp-block-heading has-text-align-center has-text-color has-adamina-font-family\" style=\"border-width:3px;color:#422f01;margin-top:0px;margin-bottom:100px;font-size:clamp(27.894px, 1.743rem + ((1vw - 3.2px) * 2.285), 48px);font-style:normal;font-weight:700\">Honoraires<\/h2>\n\n\n\n<blockquote class=\"wp-block-quote has-text-align-center is-style-plain has-medium-font-size is-layout-flow wp-block-quote-is-layout-flow\" style=\"font-style:normal;font-weight:300\">\n<p style=\"font-size:clamp(14px, 0.875rem + ((1vw - 3.2px) * 0.568), 19px);\"><mark style=\"background-color:rgba(0, 0, 0, 0);color:#7b3e13\" class=\"has-inline-color\">\u00ab\u00a0Les honoraires tiennent compte, selon les usages, de la situation de fortune du client, de la difficult\u00e9 de l&rsquo;affaire, des frais expos\u00e9s par l&rsquo;avocat, de sa notori\u00e9t\u00e9 et des diligences de celui-ci.\u00a0\u00bb <\/mark><\/p>\n\n\n\n<p class=\"has-text-color has-link-color has-small-font-size wp-elements-21171c34ff0212dd5c93d885ffaa81e5\" style=\"color:#7b3e13\">Article 11.2 du R\u00e8glement int\u00e9rieur national de la profession d&rsquo;avocat<\/p>\n<\/blockquote>\n\n\n\n<div class=\"wp-block-columns is-layout-flex wp-container-core-columns-is-layout-28f84493 wp-block-columns-is-layout-flex\">\n<div class=\"wp-block-column is-layout-flow wp-block-column-is-layout-flow\" style=\"padding-right:36px;padding-left:36px\">\n<h3 class=\"wp-block-heading has-text-align-center has-text-color\" style=\"color:#422f01;margin-bottom:12px;font-size:clamp(14.082px, 0.88rem + ((1vw - 3.2px) * 0.786), 21px);font-style:normal;font-weight:700;line-height:1.5\">Forfait<\/h3>\n\n\n\n<p class=\"has-text-align-center has-text-color\" style=\"color:#422f01;margin-top:0px;font-size:14px;line-height:1.6\">Les honoraires au forfait correspondent \u00e0 un&nbsp;prix global et fixe, d\u00e9fini d\u00e8s le d\u00e9part pour une prestation pr\u00e9cise. Le montant ne varie pas, quel que soit le temps pass\u00e9 par l\u2019avocat.<\/p>\n<\/div>\n\n\n\n<div class=\"wp-block-column is-layout-flow wp-block-column-is-layout-flow\" style=\"padding-right:36px;padding-left:36px\">\n<h3 class=\"wp-block-heading has-text-align-center has-text-color\" style=\"color:#422f01;margin-bottom:12px;font-size:clamp(14.082px, 0.88rem + ((1vw - 3.2px) * 0.786), 21px);font-style:normal;font-weight:700;line-height:1.5\">Temps pass\u00e9<\/h3>\n\n\n\n<p class=\"has-text-align-center has-text-color\" style=\"color:#422f01;margin-top:0px;font-size:14px;line-height:1.6\">Les honoraires au temps pass\u00e9 sont calcul\u00e9s en fonction du&nbsp;nombre d\u2019heures consacr\u00e9es au dossier, selon un taux horaire convenu \u00e0 l\u2019avance. Le co\u00fbt final d\u00e9pend donc du travail effectivement r\u00e9alis\u00e9.<\/p>\n<\/div>\n\n\n\n<div class=\"wp-block-column is-layout-flow wp-block-column-is-layout-flow\" style=\"padding-right:36px;padding-left:36px\">\n<h3 class=\"wp-block-heading has-text-align-center has-text-color\" style=\"color:#422f01;margin-bottom:12px;font-size:clamp(14.082px, 0.88rem + ((1vw - 3.2px) * 0.786), 21px);font-style:normal;font-weight:700;line-height:1.5\">Aide juridictionnelle<\/h3>\n\n\n\n<p class=\"has-text-align-center has-text-color\" style=\"color:#422f01;margin-top:0px;font-size:14px;line-height:1.6\">L\u2019aide juridictionnelle est un dispositif financ\u00e9 par l\u2019\u00c9tat qui permet la prise en charge, totale ou partielle, des frais d\u2019avocat et de justice. Le Cabinet, sous conditions, accepte de travailler avec ce dispositif.<\/p>\n<\/div>\n<\/div>\n<\/div><\/div>\n\n\n\n<section class=\"wp-block-cover alignfull is-light\" style=\"margin-top:0px;padding-top:1.01rem;padding-bottom:1.01rem;min-height:430px;aspect-ratio:unset;\"><img loading=\"lazy\" decoding=\"async\" width=\"1024\" height=\"683\" class=\"wp-block-cover__image-background wp-image-47 size-large\" alt=\"\" src=\"http:\/\/www.caravita-avocat.fr\/wp-content\/uploads\/2025\/09\/cour-dappel-1-1024x683.jpg\" data-object-fit=\"cover\" srcset=\"https:\/\/www.caravita-avocat.fr\/wp-content\/uploads\/2025\/09\/cour-dappel-1-1024x683.jpg 1024w, https:\/\/www.caravita-avocat.fr\/wp-content\/uploads\/2025\/09\/cour-dappel-1-300x200.jpg 300w, https:\/\/www.caravita-avocat.fr\/wp-content\/uploads\/2025\/09\/cour-dappel-1-768x512.jpg 768w, https:\/\/www.caravita-avocat.fr\/wp-content\/uploads\/2025\/09\/cour-dappel-1-1536x1024.jpg 1536w, https:\/\/www.caravita-avocat.fr\/wp-content\/uploads\/2025\/09\/cour-dappel-1.jpg 1920w\" sizes=\"auto, (max-width: 1024px) 100vw, 1024px\" \/><span aria-hidden=\"true\" class=\"wp-block-cover__background has-background-dim-0 has-background-dim\" style=\"background-color:#edf1f2\"><\/span><div class=\"wp-block-cover__inner-container has-global-padding is-layout-constrained wp-container-core-cover-is-layout-b1bebcb3 wp-block-cover-is-layout-constrained\">\n<div class=\"wp-block-group has-text-color is-layout-flow wp-block-group-is-layout-flow\" style=\"color:#fffffd;margin-top:0px;padding-top:0rem;padding-right:1rem;padding-bottom:0rem;padding-left:1rem;font-size:clamp(0.875rem, 0.875rem + ((1vw - 0.2rem) * 0.464), 1.13rem);font-style:normal;font-weight:400;line-height:1.4\">\n<div class=\"wp-block-group has-global-padding is-layout-constrained wp-container-core-group-is-layout-bdbfdc43 wp-block-group-is-layout-constrained\">\n<p class=\"has-text-align-center has-text-color\" style=\"color:#fffffd;margin-bottom:0rem;font-size:clamp(1.507rem, 1.507rem + ((1vw - 0.2rem) * 1.824), 2.51rem);font-style:normal;font-weight:400;line-height:1.2\">\u00c9coute, rigueur et engagement \u00e0 chaque \u00e9tapes.<\/p>\n<\/div>\n\n\n\n<div class=\"wp-block-group is-vertical is-content-justification-stretch is-layout-flex wp-container-core-group-is-layout-bfdebe91 wp-block-group-is-layout-flex\" style=\"margin-top:1.81rem;padding-right:0px;padding-left:0px\">\n<div class=\"wp-block-group has-global-padding is-content-justification-center is-layout-constrained wp-container-core-group-is-layout-2f0bcb29 wp-block-group-is-layout-constrained\" style=\"margin-top:0px\">\n<div class=\"wp-block-buttons is-horizontal is-content-justification-right is-layout-flex wp-container-core-buttons-is-layout-099266fd wp-block-buttons-is-layout-flex\" style=\"margin-top:0.51rem\">\n<div class=\"wp-block-button has-custom-width wp-block-button__width-100 is-style-fill\"><a class=\"wp-block-button__link has-text-color has-background has-custom-font-size wp-element-button\" href=\"http:\/\/www.caravita-avocat.fr\/index.php\/contact\/\" style=\"border-style:none;border-width:0px;border-radius:0rem;color:#fffffd;background-color:#e27013;padding-top:0.71rem;padding-right:0.31rem;padding-bottom:0.71rem;padding-left:0.31rem;font-size:clamp(0.875rem, 0.875rem + ((1vw - 0.2rem) * 0.245), 1.01rem);font-style:normal;font-weight:600;line-height:1.5;text-transform:uppercase\">Prendre un RENDEZ-VOUS<\/a><\/div>\n<\/div>\n<\/div>\n<\/div>\n<\/div>\n<\/div><\/section>\n","protected":false},"excerpt":{"rendered":"<p>Droit p\u00e9nal Ma\u00eetre Marine CARAVITA vous assiste en\u00a0droit p\u00e9nal g\u00e9n\u00e9ral,\u00a0droit p\u00e9nal sp\u00e9cial,\u00a0droit p\u00e9nal routier,\u00a0droit p\u00e9nal des affaires\u00a0ou encore en\u00a0droit de la presse.\u00a0 Le Cabinet intervient dans toute la France et \u00e0 chaque \u00e9tape de la proc\u00e9dure p\u00e9nale : Droit des mineurs Ma\u00eetre Marine CARAVITA intervient aupr\u00e8s des mineurs avec l\u2019expertise d\u2019une juriste mais aussi d\u2019une [&hellip;]<\/p>\n","protected":false},"author":1,"featured_media":0,"parent":0,"menu_order":0,"comment_status":"closed","ping_status":"closed","template":"","meta":{"footnotes":""},"class_list":["post-13","page","type-page","status-publish","hentry"],"_links":{"self":[{"href":"https:\/\/www.caravita-avocat.fr\/index.php\/wp-json\/wp\/v2\/pages\/13","targetHints":{"allow":["GET"]}}],"collection":[{"href":"https:\/\/www.caravita-avocat.fr\/index.php\/wp-json\/wp\/v2\/pages"}],"about":[{"href":"https:\/\/www.caravita-avocat.fr\/index.php\/wp-json\/wp\/v2\/types\/page"}],"author":[{"embeddable":true,"href":"https:\/\/www.caravita-avocat.fr\/index.php\/wp-json\/wp\/v2\/users\/1"}],"replies":[{"embeddable":true,"href":"https:\/\/www.caravita-avocat.fr\/index.php\/wp-json\/wp\/v2\/comments?post=13"}],"version-history":[{"count":16,"href":"https:\/\/www.caravita-avocat.fr\/index.php\/wp-json\/wp\/v2\/pages\/13\/revisions"}],"predecessor-version":[{"id":165,"href":"https:\/\/www.caravita-avocat.fr\/index.php\/wp-json\/wp\/v2\/pages\/13\/revisions\/165"}],"wp:attachment":[{"href":"https:\/\/www.caravita-avocat.fr\/index.php\/wp-json\/wp\/v2\/media?parent=13"}],"curies":[{"name":"wp","href":"https:\/\/api.w.org\/{rel}","templated":true}]}}