{"id":8,"date":"2025-09-14T11:03:23","date_gmt":"2025-09-14T11:03:23","guid":{"rendered":"http:\/\/www.caravita-avocat.fr\/?page_id=8"},"modified":"2026-02-14T11:17:27","modified_gmt":"2026-02-14T11:17:27","slug":"accueil","status":"publish","type":"page","link":"https:\/\/www.caravita-avocat.fr\/","title":{"rendered":"Accueil"},"content":{"rendered":"\n<div class=\"wp-block-cover alignfull is-light\" style=\"padding-top:17%;padding-bottom:3rem\"><img decoding=\"async\" class=\"wp-block-cover__image-background wp-image-752\" alt=\"\" src=\"https:\/\/images.unsplash.com\/photo-1436450412740-6b988f486c6b?ixid=M3w1NjExMzd8MHwxfHNlYXJjaHw0fHxhdm9jYXR8ZW58MHx8fHwxNzU3ODQ4ODY5fDA&amp;ixlib=rb-4.1.0&amp;fm=webp&amp;w=1920\" style=\"object-position:50% 51%\" data-object-fit=\"cover\" data-object-position=\"50% 51%\"\/><span aria-hidden=\"true\" class=\"wp-block-cover__background has-background-dim-0 has-background-dim\"><\/span><div class=\"wp-block-cover__inner-container has-global-padding is-layout-constrained wp-container-core-cover-is-layout-29287ccd wp-block-cover-is-layout-constrained\">\n<div class=\"wp-block-group alignwide is-vertical is-content-justification-left is-layout-flex wp-container-core-group-is-layout-b21d21b4 wp-block-group-is-layout-flex\" style=\"min-height:520px\">\n<div class=\"wp-block-group has-global-padding is-layout-constrained wp-container-core-group-is-layout-92ef7b19 wp-block-group-is-layout-constrained\">\n<h2 class=\"wp-block-heading has-text-align-left has-text-color has-background\" style=\"color:#363030;background-color:#f4f4f4;margin-top:0;margin-bottom:1.01rem;font-size:clamp(2.288rem, 2.288rem + ((1vw - 0.2rem) * 3.476), 4.2rem);font-style:normal;font-weight:500;line-height:1.2\"><mark style=\"background-color:rgba(0, 0, 0, 0);color:#3a3949\" class=\"has-inline-color\">D\u00e9fendre vos droits, prot\u00e9ger votre avenir.<\/mark><\/h2>\n\n\n\n<p class=\"has-text-align-left has-text-color has-background\" style=\"color:#fffffd;background-color:#080303;margin-top:0;margin-bottom:0;padding-top:0;padding-right:0;padding-bottom:0;padding-left:0;font-size:clamp(0.935rem, 0.935rem + ((1vw - 0.2rem) * 0.864), 1.41rem);font-style:normal;font-weight:400;line-height:1.3\">Une d\u00e9fense sur mesure, adapt\u00e9e \u00e0 vos enjeux et vos besoins. Face aux \u00e9preuves judiciaires, je suis \u00e0 vos c\u00f4t\u00e9s. <\/p>\n\n\n\n<div class=\"wp-block-group is-vertical is-content-justification-stretch is-layout-flex wp-container-core-group-is-layout-53ad70e0 wp-block-group-is-layout-flex\" style=\"margin-top:1.61rem;padding-right:0px;padding-left:0px\">\n<div class=\"wp-block-group has-global-padding is-content-justification-left is-layout-constrained wp-container-core-group-is-layout-a938e025 wp-block-group-is-layout-constrained\" style=\"margin-top:0px\">\n<div class=\"wp-block-buttons is-horizontal is-content-justification-right is-layout-flex wp-container-core-buttons-is-layout-099266fd wp-block-buttons-is-layout-flex\" style=\"margin-top:0.51rem\">\n<div class=\"wp-block-button has-custom-width wp-block-button__width-100 is-style-fill\"><a class=\"wp-block-button__link has-text-color has-background has-adamina-font-family has-custom-font-size wp-element-button\" href=\"http:\/\/www.caravita-avocat.fr\/index.php\/contact\/\" style=\"border-style:none;border-width:0px;border-radius:0rem;color:#fffffd;background-color:#e27013;padding-top:0.71rem;padding-right:0.31rem;padding-bottom:0.71rem;padding-left:0.31rem;font-size:clamp(0.875rem, 0.875rem + ((1vw - 0.2rem) * 0.245), 1.01rem);font-style:normal;font-weight:600;line-height:1.5;text-transform:capitalize\">ME JOINDRE<\/a><\/div>\n<\/div>\n<\/div>\n<\/div>\n<\/div>\n<\/div>\n<\/div><\/div>\n\n\n\n<section class=\"wp-block-group alignfull has-global-padding is-layout-constrained wp-container-core-group-is-layout-05455e64 wp-block-group-is-layout-constrained\" style=\"margin-top:0px;padding-top:6rem;padding-right:1rem;padding-bottom:4.5rem;padding-left:1rem;font-size:clamp(0.875rem, 0.875rem + ((1vw - 0.2rem) * 0.464), 1.13rem);font-style:normal;font-weight:400;line-height:1.4\">\n<div class=\"wp-block-columns is-layout-flex wp-container-core-columns-is-layout-2e7296b4 wp-block-columns-is-layout-flex\" style=\"margin-bottom:0px\">\n<div class=\"wp-block-column is-vertically-aligned-center is-layout-flow wp-block-column-is-layout-flow\" style=\"padding-right:1rem;padding-left:1rem;flex-basis:35%\">\n<figure class=\"wp-block-image aligncenter size-full is-resized has-custom-border\"><img loading=\"lazy\" decoding=\"async\" width=\"1707\" height=\"2560\" src=\"http:\/\/www.caravita-avocat.fr\/wp-content\/uploads\/2025\/09\/justice-scaled.jpg\" alt=\"\" class=\"wp-image-22\" style=\"border-radius:26px;width:350px\" srcset=\"https:\/\/www.caravita-avocat.fr\/wp-content\/uploads\/2025\/09\/justice-scaled.jpg 1707w, https:\/\/www.caravita-avocat.fr\/wp-content\/uploads\/2025\/09\/justice-200x300.jpg 200w, https:\/\/www.caravita-avocat.fr\/wp-content\/uploads\/2025\/09\/justice-683x1024.jpg 683w, https:\/\/www.caravita-avocat.fr\/wp-content\/uploads\/2025\/09\/justice-768x1152.jpg 768w, https:\/\/www.caravita-avocat.fr\/wp-content\/uploads\/2025\/09\/justice-1024x1536.jpg 1024w, https:\/\/www.caravita-avocat.fr\/wp-content\/uploads\/2025\/09\/justice-1365x2048.jpg 1365w\" sizes=\"auto, (max-width: 1707px) 100vw, 1707px\" \/><\/figure>\n<\/div>\n\n\n\n<div class=\"wp-block-column has-global-padding is-layout-constrained wp-container-core-column-is-layout-b4ec969c wp-block-column-is-layout-constrained\" style=\"padding-top:2.01rem\">\n<div class=\"wp-block-group has-global-padding is-layout-constrained wp-container-core-group-is-layout-dca71664 wp-block-group-is-layout-constrained\" style=\"min-height:100%\">\n<h3 class=\"wp-block-heading has-text-align-center has-text-color\" style=\"color:#010101;margin-top:0.5rem;margin-bottom:0rem;font-size:clamp(1.556rem, 1.556rem + ((1vw - 0.2rem) * 1.916), 2.61rem);font-style:normal;font-weight:500;letter-spacing:0px;line-height:1.3\">Qui suis-je ? <\/h3>\n\n\n\n<p class=\"has-text-align-center has-text-color\" style=\"color:#010101;margin-top:0rem;font-size:clamp(0.875rem, 0.875rem + ((1vw - 0.2rem) * 0.245), 1.01rem);font-style:normal;font-weight:400;line-height:1.5\">Avocate au barreau de Bordeaux, j\u2019exerce principalement en&nbsp;<strong>droit p\u00e9nal<\/strong>&nbsp;et en&nbsp;<strong>droit des mineurs<\/strong>, deux domaines dans lesquels je mets au service de mes clients une approche rigoureuse, r\u00e9active et profond\u00e9ment humaine. J\u2019interviens \u00e9galement en&nbsp;<strong>droit de la famille<\/strong>, notamment dans les proc\u00e9dures de divorce, de garde d\u2019enfants et d\u2019assistance \u00e9ducative.<\/p>\n\n\n\n<p class=\"has-text-align-center has-text-color\" style=\"color:#010101;margin-top:0rem;font-size:clamp(0.875rem, 0.875rem + ((1vw - 0.2rem) * 0.245), 1.01rem);font-style:normal;font-weight:400;line-height:1.5\">Mon objectif est de vous offrir une&nbsp;<strong>d\u00e9fense p\u00e9nale engag\u00e9e<\/strong>&nbsp;et un accompagnement juridique personnalis\u00e9, \u00e0 chaque \u00e9tape de la proc\u00e9dure, que vous soyez mis en cause ou victime.<\/p>\n\n\n\n<div class=\"wp-block-group is-vertical is-content-justification-stretch is-layout-flex wp-container-core-group-is-layout-53ad70e0 wp-block-group-is-layout-flex\" style=\"margin-top:1.61rem;padding-right:0px;padding-left:0px\">\n<div class=\"wp-block-group has-global-padding is-content-justification-center is-layout-constrained wp-container-core-group-is-layout-2f0bcb29 wp-block-group-is-layout-constrained\" style=\"margin-top:0px\">\n<div class=\"wp-block-buttons is-horizontal is-content-justification-right is-layout-flex wp-container-core-buttons-is-layout-099266fd wp-block-buttons-is-layout-flex\" style=\"margin-top:0.51rem\">\n<div class=\"wp-block-button has-custom-width wp-block-button__width-100 is-style-fill\"><a class=\"wp-block-button__link has-text-color has-background has-custom-font-size wp-element-button\" href=\"http:\/\/www.caravita-avocat.fr\/index.php\/a-propos\/\" style=\"border-style:none;border-width:0px;border-radius:0rem;color:#fffffd;background-color:#e27013;padding-top:0.71rem;padding-right:0.31rem;padding-bottom:0.71rem;padding-left:0.31rem;font-size:clamp(0.875rem, 0.875rem + ((1vw - 0.2rem) * 0.245), 1.01rem);font-style:normal;font-weight:600;line-height:1.5;text-transform:uppercase\">En savoir plus<\/a><\/div>\n<\/div>\n<\/div>\n<\/div>\n<\/div>\n<\/div>\n<\/div>\n<\/section>\n\n\n\n<div class=\"wp-block-cover alignfull is-light\" style=\"padding-top:3.51rem;padding-right:0px;padding-bottom:2.01rem;padding-left:0px;min-height:542px;aspect-ratio:unset;\"><span aria-hidden=\"true\" class=\"wp-block-cover__background has-background-dim\" style=\"background-color:#fff3ea\"><\/span><div class=\"wp-block-cover__inner-container is-layout-flow wp-block-cover-is-layout-flow\">\n<div class=\"wp-block-group alignfull is-layout-flow wp-block-group-is-layout-flow\" style=\"margin-top:0px;margin-bottom:0px;padding-top:0rem;padding-right:1px;padding-bottom:2.01rem;padding-left:1px\">\n<div class=\"wp-block-columns alignfull is-layout-flex wp-container-core-columns-is-layout-35290b6f wp-block-columns-is-layout-flex\" style=\"padding-top:0rem\">\n<div class=\"wp-block-column is-layout-flow wp-block-column-is-layout-flow\" style=\"padding-top:1rem;padding-right:0rem;padding-bottom:1rem;padding-left:0rem\">\n<div class=\"wp-block-cover\" style=\"padding-right:0.51rem;padding-left:0.51rem;min-height:390px;aspect-ratio:unset;\"><img loading=\"lazy\" decoding=\"async\" width=\"1024\" height=\"768\" class=\"wp-block-cover__image-background wp-image-24 size-large\" alt=\"\" src=\"http:\/\/www.caravita-avocat.fr\/wp-content\/uploads\/2025\/09\/scene-de-crime-1024x768.jpg\" data-object-fit=\"cover\" srcset=\"https:\/\/www.caravita-avocat.fr\/wp-content\/uploads\/2025\/09\/scene-de-crime-1024x768.jpg 1024w, https:\/\/www.caravita-avocat.fr\/wp-content\/uploads\/2025\/09\/scene-de-crime-300x225.jpg 300w, https:\/\/www.caravita-avocat.fr\/wp-content\/uploads\/2025\/09\/scene-de-crime-768x576.jpg 768w, https:\/\/www.caravita-avocat.fr\/wp-content\/uploads\/2025\/09\/scene-de-crime-1536x1152.jpg 1536w, https:\/\/www.caravita-avocat.fr\/wp-content\/uploads\/2025\/09\/scene-de-crime.jpg 1920w\" sizes=\"auto, (max-width: 1024px) 100vw, 1024px\" \/><span aria-hidden=\"true\" class=\"wp-block-cover__background has-background-dim-30 has-background-dim\" style=\"background-color:#060000\"><\/span><div class=\"wp-block-cover__inner-container has-global-padding is-layout-constrained wp-container-core-cover-is-layout-1a3bd245 wp-block-cover-is-layout-constrained\">\n<h3 class=\"wp-block-heading has-text-align-center has-text-color has-link-color wp-elements-288faf283f2abe2439e3de97218fba1b\" style=\"color:#fefefe;font-size:clamp(1.507rem, 1.507rem + ((1vw - 0.2rem) * 1.824), 2.51rem);\"><a href=\"https:\/\/www.caravita-avocat.fr\/index.php\/services\/\">Droit P\u00e9nal<\/a><\/h3>\n<\/div><\/div>\n<\/div>\n\n\n\n<div class=\"wp-block-column is-layout-flow wp-block-column-is-layout-flow\" style=\"padding-top:1rem;padding-right:0rem;padding-bottom:1rem;padding-left:0rem\">\n<div class=\"wp-block-cover\" style=\"padding-right:0.51rem;padding-left:0.51rem;min-height:390px;aspect-ratio:unset;\"><img loading=\"lazy\" decoding=\"async\" width=\"640\" height=\"452\" class=\"wp-block-cover__image-background wp-image-27 size-full\" alt=\"\" src=\"http:\/\/www.caravita-avocat.fr\/wp-content\/uploads\/2025\/09\/lyceens-1.jpg\" data-object-fit=\"cover\" srcset=\"https:\/\/www.caravita-avocat.fr\/wp-content\/uploads\/2025\/09\/lyceens-1.jpg 640w, https:\/\/www.caravita-avocat.fr\/wp-content\/uploads\/2025\/09\/lyceens-1-300x212.jpg 300w\" sizes=\"auto, (max-width: 640px) 100vw, 640px\" \/><span aria-hidden=\"true\" class=\"wp-block-cover__background has-background-dim-30 has-background-dim\" style=\"background-color:#050303\"><\/span><div class=\"wp-block-cover__inner-container has-global-padding is-layout-constrained wp-container-core-cover-is-layout-1a3bd245 wp-block-cover-is-layout-constrained\">\n<h3 class=\"wp-block-heading has-text-align-center has-text-color has-link-color wp-elements-b63c699b3796d22f7dca727f5143ea21\" style=\"color:#ffffff;font-size:clamp(1.507rem, 1.507rem + ((1vw - 0.2rem) * 1.824), 2.51rem);\"><a href=\"https:\/\/www.caravita-avocat.fr\/index.php\/services\/\">Droit des Mineurs<\/a><\/h3>\n<\/div><\/div>\n<\/div>\n\n\n\n<div class=\"wp-block-column is-layout-flow wp-block-column-is-layout-flow\" style=\"padding-top:1rem;padding-right:0rem;padding-bottom:1rem;padding-left:0rem\">\n<div class=\"wp-block-cover is-light\" style=\"padding-right:0.51rem;padding-left:0.51rem;min-height:390px;aspect-ratio:unset;\"><img loading=\"lazy\" decoding=\"async\" width=\"1024\" height=\"788\" class=\"wp-block-cover__image-background wp-image-149 size-large\" alt=\"\" src=\"http:\/\/www.caravita-avocat.fr\/wp-content\/uploads\/2025\/11\/jessica-rockowitz-5NLCaz2wJXE-unsplash-1024x788.jpg\" data-object-fit=\"cover\" srcset=\"https:\/\/www.caravita-avocat.fr\/wp-content\/uploads\/2025\/11\/jessica-rockowitz-5NLCaz2wJXE-unsplash-1024x788.jpg 1024w, https:\/\/www.caravita-avocat.fr\/wp-content\/uploads\/2025\/11\/jessica-rockowitz-5NLCaz2wJXE-unsplash-300x231.jpg 300w, https:\/\/www.caravita-avocat.fr\/wp-content\/uploads\/2025\/11\/jessica-rockowitz-5NLCaz2wJXE-unsplash-768x591.jpg 768w, https:\/\/www.caravita-avocat.fr\/wp-content\/uploads\/2025\/11\/jessica-rockowitz-5NLCaz2wJXE-unsplash-1536x1183.jpg 1536w\" sizes=\"auto, (max-width: 1024px) 100vw, 1024px\" \/><span aria-hidden=\"true\" class=\"wp-block-cover__background has-background-dim-30 has-background-dim\" style=\"background-color:#0c0505\"><\/span><div class=\"wp-block-cover__inner-container has-global-padding is-layout-constrained wp-container-core-cover-is-layout-1a3bd245 wp-block-cover-is-layout-constrained\">\n<h3 class=\"wp-block-heading has-text-align-center has-link-color wp-elements-44b2fbcde13b289094a9ce6ee7bcbb8b\" style=\"font-size:clamp(1.507rem, 1.507rem + ((1vw - 0.2rem) * 1.824), 2.51rem);\"><a href=\"https:\/\/www.caravita-avocat.fr\/index.php\/services\/\">Droit de la famille<\/a><\/h3>\n<\/div><\/div>\n<\/div>\n<\/div>\n<\/div>\n<\/div><\/div>\n\n\n\n<div class=\"wp-block-cover alignfull is-light\"><img decoding=\"async\" class=\"wp-block-cover__image-background wp-image-764\" alt=\"\" src=\"https:\/\/tyler.com\/wp-content\/uploads\/2023\/11\/surf-banner1.jpg\" data-object-fit=\"cover\"\/><span aria-hidden=\"true\" class=\"wp-block-cover__background has-background-dim-0 has-background-dim\"><\/span><div class=\"wp-block-cover__inner-container has-global-padding is-layout-constrained wp-block-cover-is-layout-constrained\">\n<section class=\"wp-block-group alignfull has-global-padding is-layout-constrained wp-container-core-group-is-layout-cfb15881 wp-block-group-is-layout-constrained\" style=\"margin-top:0px;padding-top:4.01rem;padding-right:1rem;padding-bottom:5.01rem;padding-left:1rem;font-size:clamp(0.875rem, 0.875rem + ((1vw - 0.2rem) * 0.464), 1.13rem);font-style:normal;font-weight:400;line-height:1.4\">\n<div class=\"wp-block-columns is-layout-flex wp-container-core-columns-is-layout-a86bf794 wp-block-columns-is-layout-flex\" style=\"margin-bottom:0px\">\n<div class=\"wp-block-column has-global-padding is-layout-constrained wp-container-core-column-is-layout-b4ec969c wp-block-column-is-layout-constrained\" style=\"padding-top:2.01rem\">\n<div class=\"wp-block-group has-global-padding is-layout-constrained wp-container-core-group-is-layout-dca71664 wp-block-group-is-layout-constrained\" style=\"min-height:100%\">\n<h3 class=\"wp-block-heading has-text-align-center has-text-color\" style=\"color:#fffffd;margin-top:0.5rem;margin-bottom:0rem;font-size:clamp(1.556rem, 1.556rem + ((1vw - 0.2rem) * 1.916), 2.61rem);font-style:normal;font-weight:500;letter-spacing:0px;line-height:1.3\">\u00c0 vos c\u00f4t\u00e9s \u00e0 chaque \u00e9tape<\/h3>\n\n\n\n<p class=\"has-text-align-center has-text-color\" style=\"color:#fffffd;margin-top:0rem;font-size:clamp(0.875rem, 0.875rem + ((1vw - 0.2rem) * 0.245), 1.01rem);font-style:normal;font-weight:400;line-height:1.5\">Je m\u2019engage \u00e0 \u00eatre pleinement pr\u00e9sente \u00e0 chaque \u00e9tape de votre proc\u00e9dure. Que ce soit pour vous conseiller, vous assister, vous repr\u00e9senter devant les juridictions ou simplement r\u00e9pondre \u00e0 vos questions, je vous apporte \u00e9coute, r\u00e9activit\u00e9 et accompagnement personnalis\u00e9. Votre situation est unique, et je veille \u00e0 ce que vous soyez guid\u00e9 avec clart\u00e9 et confiance tout au long du processus.<\/p>\n\n\n\n<div class=\"wp-block-group is-vertical is-content-justification-stretch is-layout-flex wp-container-core-group-is-layout-53ad70e0 wp-block-group-is-layout-flex\" style=\"margin-top:1.61rem;padding-right:0px;padding-left:0px\">\n<div class=\"wp-block-group has-global-padding is-content-justification-center is-layout-constrained wp-container-core-group-is-layout-2f0bcb29 wp-block-group-is-layout-constrained\" style=\"margin-top:0px\">\n<div class=\"wp-block-buttons is-horizontal is-content-justification-right is-layout-flex wp-container-core-buttons-is-layout-099266fd wp-block-buttons-is-layout-flex\" style=\"margin-top:0.51rem\">\n<div class=\"wp-block-button has-custom-width wp-block-button__width-100 is-style-fill\"><a class=\"wp-block-button__link has-text-color has-background has-custom-font-size wp-element-button\" href=\"http:\/\/www.caravita-avocat.fr\/index.php\/contact\/\" style=\"border-style:none;border-width:0px;border-radius:0rem;color:#e27013;background-color:#fffffd;padding-top:0.71rem;padding-right:0.31rem;padding-bottom:0.71rem;padding-left:0.31rem;font-size:clamp(0.875rem, 0.875rem + ((1vw - 0.2rem) * 0.245), 1.01rem);font-style:normal;font-weight:600;line-height:1.5;text-transform:uppercase\">DISCUTONS DE VOTRE DOSSIER<\/a><\/div>\n<\/div>\n<\/div>\n<\/div>\n<\/div>\n<\/div>\n\n\n\n<div class=\"wp-block-column is-vertically-aligned-center is-layout-flow wp-block-column-is-layout-flow\" style=\"padding-right:1rem;padding-left:1rem;flex-basis:40%\">\n<figure class=\"wp-block-image aligncenter size-full is-resized has-custom-border\"><img loading=\"lazy\" decoding=\"async\" width=\"1707\" height=\"2560\" src=\"http:\/\/www.caravita-avocat.fr\/wp-content\/uploads\/2025\/09\/banc-tribunal-scaled.jpg\" alt=\"\" class=\"wp-image-37\" style=\"border-radius:27px;aspect-ratio:0.75;object-fit:cover;width:323px;height:auto\" srcset=\"https:\/\/www.caravita-avocat.fr\/wp-content\/uploads\/2025\/09\/banc-tribunal-scaled.jpg 1707w, https:\/\/www.caravita-avocat.fr\/wp-content\/uploads\/2025\/09\/banc-tribunal-200x300.jpg 200w, https:\/\/www.caravita-avocat.fr\/wp-content\/uploads\/2025\/09\/banc-tribunal-683x1024.jpg 683w, https:\/\/www.caravita-avocat.fr\/wp-content\/uploads\/2025\/09\/banc-tribunal-768x1152.jpg 768w, https:\/\/www.caravita-avocat.fr\/wp-content\/uploads\/2025\/09\/banc-tribunal-1024x1536.jpg 1024w, https:\/\/www.caravita-avocat.fr\/wp-content\/uploads\/2025\/09\/banc-tribunal-1365x2048.jpg 1365w\" sizes=\"auto, (max-width: 1707px) 100vw, 1707px\" \/><\/figure>\n<\/div>\n<\/div>\n<\/section>\n<\/div><\/div>\n\n\n\n<section class=\"wp-block-cover alignfull is-light\" style=\"margin-top:0px;padding-top:1.01rem;padding-bottom:1.01rem;min-height:430px;aspect-ratio:unset;\"><span aria-hidden=\"true\" class=\"wp-block-cover__background has-white-background-color has-background-dim-30 has-background-dim\"><\/span><div class=\"wp-block-cover__inner-container has-global-padding is-layout-constrained wp-container-core-cover-is-layout-b1bebcb3 wp-block-cover-is-layout-constrained\">\n<div class=\"wp-block-group has-text-color is-layout-flow wp-block-group-is-layout-flow\" style=\"color:#fffffd;margin-top:0px;padding-top:0rem;padding-right:1rem;padding-bottom:0rem;padding-left:1rem;font-size:clamp(0.875rem, 0.875rem + ((1vw - 0.2rem) * 0.464), 1.13rem);font-style:normal;font-weight:400;line-height:1.4\">\n<div class=\"wp-block-group has-global-padding is-layout-constrained wp-container-core-group-is-layout-bdbfdc43 wp-block-group-is-layout-constrained\">\n<h2 class=\"wp-block-heading has-text-align-center has-text-color\" style=\"color:#e48832;margin-bottom:0rem;font-size:clamp(1.507rem, 1.507rem + ((1vw - 0.2rem) * 1.824), 2.51rem);font-style:normal;font-weight:400;line-height:1.2\">Chaque client m\u00e9rite une d\u00e9fense juste et passionn\u00e9e. C\u02bcest mon engagement quotidien.<\/h2>\n<\/div>\n\n\n\n<div class=\"wp-block-group is-vertical is-content-justification-stretch is-layout-flex wp-container-core-group-is-layout-bfdebe91 wp-block-group-is-layout-flex\" style=\"margin-top:1.81rem;padding-right:0px;padding-left:0px\">\n<div class=\"wp-block-group has-global-padding is-content-justification-center is-layout-constrained wp-container-core-group-is-layout-2f0bcb29 wp-block-group-is-layout-constrained\" style=\"margin-top:0px\">\n<div class=\"wp-block-buttons is-horizontal is-content-justification-right is-layout-flex wp-container-core-buttons-is-layout-099266fd wp-block-buttons-is-layout-flex\" style=\"margin-top:0.51rem\">\n<div class=\"wp-block-button has-custom-width wp-block-button__width-100 is-style-fill\"><a class=\"wp-block-button__link has-text-color has-background has-custom-font-size wp-element-button\" href=\"http:\/\/www.caravita-avocat.fr\/index.php\/contact\/\" style=\"border-style:none;border-width:0px;border-radius:0rem;color:#fffffd;background-color:#e27013;padding-top:0.71rem;padding-right:0.31rem;padding-bottom:0.71rem;padding-left:0.31rem;font-size:clamp(0.875rem, 0.875rem + ((1vw - 0.2rem) * 0.245), 1.01rem);font-style:normal;font-weight:600;line-height:1.5;text-transform:uppercase\">Formulaire de contact<\/a><\/div>\n<\/div>\n<\/div>\n<\/div>\n<\/div>\n<\/div><\/section>\n","protected":false},"excerpt":{"rendered":"<p>Qui suis-je ? Avocate au barreau de Bordeaux, j\u2019exerce principalement en&nbsp;droit p\u00e9nal&nbsp;et en&nbsp;droit des mineurs, deux domaines dans lesquels je mets au service de mes clients une approche rigoureuse, r\u00e9active et profond\u00e9ment humaine. J\u2019interviens \u00e9galement en&nbsp;droit de la famille, notamment dans les proc\u00e9dures de divorce, de garde d\u2019enfants et d\u2019assistance \u00e9ducative. Mon objectif est de [&hellip;]<\/p>\n","protected":false},"author":1,"featured_media":0,"parent":0,"menu_order":0,"comment_status":"closed","ping_status":"closed","template":"","meta":{"footnotes":""},"class_list":["post-8","page","type-page","status-publish","hentry"],"_links":{"self":[{"href":"https:\/\/www.caravita-avocat.fr\/index.php\/wp-json\/wp\/v2\/pages\/8","targetHints":{"allow":["GET"]}}],"collection":[{"href":"https:\/\/www.caravita-avocat.fr\/index.php\/wp-json\/wp\/v2\/pages"}],"about":[{"href":"https:\/\/www.caravita-avocat.fr\/index.php\/wp-json\/wp\/v2\/types\/page"}],"author":[{"embeddable":true,"href":"https:\/\/www.caravita-avocat.fr\/index.php\/wp-json\/wp\/v2\/users\/1"}],"replies":[{"embeddable":true,"href":"https:\/\/www.caravita-avocat.fr\/index.php\/wp-json\/wp\/v2\/comments?post=8"}],"version-history":[{"count":19,"href":"https:\/\/www.caravita-avocat.fr\/index.php\/wp-json\/wp\/v2\/pages\/8\/revisions"}],"predecessor-version":[{"id":173,"href":"https:\/\/www.caravita-avocat.fr\/index.php\/wp-json\/wp\/v2\/pages\/8\/revisions\/173"}],"wp:attachment":[{"href":"https:\/\/www.caravita-avocat.fr\/index.php\/wp-json\/wp\/v2\/media?parent=8"}],"curies":[{"name":"wp","href":"https:\/\/api.w.org\/{rel}","templated":true}]}}